{"id":83,"date":"2021-09-13T09:32:25","date_gmt":"2021-09-13T09:32:25","guid":{"rendered":"http:\/\/boelmaleri.dk\/?page_id=83"},"modified":"2021-12-10T13:23:00","modified_gmt":"2021-12-10T13:23:00","slug":"om","status":"publish","type":"page","link":"https:\/\/boelmaleri.dk\/?page_id=83","title":{"rendered":"Om kunstneren"},"content":{"rendered":"\n<div class=\"wp-block-media-text alignwide is-stacked-on-mobile is-image-fill\" style=\"grid-template-columns:45% auto\"><figure class=\"wp-block-media-text__media\" style=\"background-image:url(https:\/\/boelmaleri.dk\/wp-content\/uploads\/2021\/12\/Jeannett-Boel-1024x683.jpeg);background-position:50% 50%\"><img loading=\"lazy\" decoding=\"async\" width=\"1024\" height=\"683\" src=\"https:\/\/boelmaleri.dk\/wp-content\/uploads\/2021\/12\/Jeannett-Boel-1024x683.jpeg\" alt=\"Jeannett Boel\" class=\"wp-image-344 size-full\" srcset=\"https:\/\/boelmaleri.dk\/wp-content\/uploads\/2021\/12\/Jeannett-Boel-1024x683.jpeg 1024w, https:\/\/boelmaleri.dk\/wp-content\/uploads\/2021\/12\/Jeannett-Boel-300x200.jpeg 300w, https:\/\/boelmaleri.dk\/wp-content\/uploads\/2021\/12\/Jeannett-Boel-768x512.jpeg 768w, https:\/\/boelmaleri.dk\/wp-content\/uploads\/2021\/12\/Jeannett-Boel-1536x1025.jpeg 1536w, https:\/\/boelmaleri.dk\/wp-content\/uploads\/2021\/12\/Jeannett-Boel-800x534.jpeg 800w, https:\/\/boelmaleri.dk\/wp-content\/uploads\/2021\/12\/Jeannett-Boel-270x180.jpeg 270w, https:\/\/boelmaleri.dk\/wp-content\/uploads\/2021\/12\/Jeannett-Boel.jpeg 1920w\" sizes=\"(max-width: 1024px) 100vw, 1024px\" \/><\/figure><div class=\"wp-block-media-text__content\">\n<p class=\"has-black-color has-text-color\">At male s\u00e6tter min kreativitet p\u00e5 en pr\u00f8ve og hvad enten motivet er abstrakt, naivistisk eller forestiller noget, kan jeg ikke kan lade penslerne ligge. Inspirationen og ideerne kommer fra hverdagsindtrykkene og is\u00e6r naturen og dyreverdenen s\u00e6tter sit pr\u00e6g i mine malerier.<\/p>\n\n\n\n<p class=\"has-black-color has-text-color\">Jeg arbejder med akryl, som til tider bliver blandet med forskellige materialer. Der er ofte knald p\u00e5 farverne.<\/p>\n\n\n\n<p class=\"has-black-color has-text-color\">Jeannett Boel<\/p>\n<\/div><\/div>\n\n\n\n<p><\/p>\n","protected":false},"excerpt":{"rendered":"<p>At male s\u00e6tter min kreativitet p\u00e5 en pr\u00f8ve og hvad enten motivet er abstrakt, naivistisk eller forestiller noget, kan jeg ikke kan lade penslerne ligge. Inspirationen og ideerne kommer fra hverdagsindtrykkene og is\u00e6r naturen og dyreverdenen s\u00e6tter sit pr\u00e6g i mine malerier. Jeg arbejder med akryl, som til tider bliver blandet med forskellige materialer. Der&hellip;<\/p>\n","protected":false},"author":1,"featured_media":0,"parent":0,"menu_order":0,"comment_status":"closed","ping_status":"closed","template":"","meta":{"footnotes":""},"jetpack_sharing_enabled":true,"_links":{"self":[{"href":"https:\/\/boelmaleri.dk\/index.php?rest_route=\/wp\/v2\/pages\/83"}],"collection":[{"href":"https:\/\/boelmaleri.dk\/index.php?rest_route=\/wp\/v2\/pages"}],"about":[{"href":"https:\/\/boelmaleri.dk\/index.php?rest_route=\/wp\/v2\/types\/page"}],"author":[{"embeddable":true,"href":"https:\/\/boelmaleri.dk\/index.php?rest_route=\/wp\/v2\/users\/1"}],"replies":[{"embeddable":true,"href":"https:\/\/boelmaleri.dk\/index.php?rest_route=%2Fwp%2Fv2%2Fcomments&post=83"}],"version-history":[{"count":16,"href":"https:\/\/boelmaleri.dk\/index.php?rest_route=\/wp\/v2\/pages\/83\/revisions"}],"predecessor-version":[{"id":346,"href":"https:\/\/boelmaleri.dk\/index.php?rest_route=\/wp\/v2\/pages\/83\/revisions\/346"}],"wp:attachment":[{"href":"https:\/\/boelmaleri.dk\/index.php?rest_route=%2Fwp%2Fv2%2Fmedia&parent=83"}],"curies":[{"name":"wp","href":"https:\/\/api.w.org\/{rel}","templated":true}]}}