{"id":246,"date":"2021-09-16T14:08:27","date_gmt":"2021-09-16T14:08:27","guid":{"rendered":"http:\/\/boelmaleri.dk\/?page_id=246"},"modified":"2023-12-21T10:31:58","modified_gmt":"2023-12-21T10:31:58","slug":"kontakt","status":"publish","type":"page","link":"https:\/\/boelmaleri.dk\/?page_id=246","title":{"rendered":"Kontakt"},"content":{"rendered":"\n<p class=\"has-black-color has-text-color\">Har du sp\u00f8rgsm\u00e5l til mine malerier, bestilling, priser osv, s\u00e5 er du velkommen til at kontakte mig pr. telefon, sms eller email.<\/p>\n\n\n\n<p class=\"has-black-color has-text-color\">Jeannett Boel<\/p>\n\n\n\n<p class=\"has-black-color has-text-color\">Tlf. 20102800<br><a href=\"mailto:frkboel@gmail.com\">frkboel@gmail.com<\/a><\/p>\n","protected":false},"excerpt":{"rendered":"<p>Har du sp\u00f8rgsm\u00e5l til mine malerier, bestilling, priser osv, s\u00e5 er du velkommen til at kontakte mig pr. telefon, sms eller email. Jeannett Boel Tlf. 20102800frkboel@gmail.com<\/p>\n","protected":false},"author":1,"featured_media":0,"parent":0,"menu_order":0,"comment_status":"closed","ping_status":"closed","template":"","meta":{"footnotes":""},"jetpack_sharing_enabled":true,"_links":{"self":[{"href":"https:\/\/boelmaleri.dk\/index.php?rest_route=\/wp\/v2\/pages\/246"}],"collection":[{"href":"https:\/\/boelmaleri.dk\/index.php?rest_route=\/wp\/v2\/pages"}],"about":[{"href":"https:\/\/boelmaleri.dk\/index.php?rest_route=\/wp\/v2\/types\/page"}],"author":[{"embeddable":true,"href":"https:\/\/boelmaleri.dk\/index.php?rest_route=\/wp\/v2\/users\/1"}],"replies":[{"embeddable":true,"href":"https:\/\/boelmaleri.dk\/index.php?rest_route=%2Fwp%2Fv2%2Fcomments&post=246"}],"version-history":[{"count":3,"href":"https:\/\/boelmaleri.dk\/index.php?rest_route=\/wp\/v2\/pages\/246\/revisions"}],"predecessor-version":[{"id":582,"href":"https:\/\/boelmaleri.dk\/index.php?rest_route=\/wp\/v2\/pages\/246\/revisions\/582"}],"wp:attachment":[{"href":"https:\/\/boelmaleri.dk\/index.php?rest_route=%2Fwp%2Fv2%2Fmedia&parent=246"}],"curies":[{"name":"wp","href":"https:\/\/api.w.org\/{rel}","templated":true}]}}